{"id":9104,"date":"2023-03-30T14:29:26","date_gmt":"2023-03-30T12:29:26","guid":{"rendered":"https:\/\/rh.sterela.fr\/?page_id=9104"},"modified":"2023-03-31T15:10:10","modified_gmt":"2023-03-31T13:10:10","slug":"page-daccueil","status":"publish","type":"page","link":"https:\/\/rh.sterela.fr\/","title":{"rendered":"BIENVENUE SUR NOTRE PAGE CARRIERE"},"content":{"rendered":"\t\t<div data-elementor-type=\"wp-page\" data-elementor-id=\"9104\" class=\"elementor elementor-9104\">\n\t\t\t\t\t\t\t\t\t<section class=\"elementor-section elementor-top-section elementor-element elementor-element-5c47867 elementor-section-boxed elementor-section-height-default elementor-section-height-default\" data-id=\"5c47867\" data-element_type=\"section\">\n\t\t\t\t\t\t<div class=\"elementor-container elementor-column-gap-default\">\n\t\t\t\t\t<div class=\"elementor-column elementor-col-100 elementor-top-column elementor-element elementor-element-fb2146e\" data-id=\"fb2146e\" data-element_type=\"column\">\n\t\t\t<div class=\"elementor-widget-wrap elementor-element-populated\">\n\t\t\t\t\t\t\t\t<div class=\"elementor-element elementor-element-2f16f51 elementor-widget elementor-widget-heading\" data-id=\"2f16f51\" data-element_type=\"widget\" data-widget_type=\"heading.default\">\n\t\t\t\t<div class=\"elementor-widget-container\">\n\t\t\t<style>\/*! elementor - v3.12.0 - 29-03-2023 *\/\n.elementor-heading-title{padding:0;margin:0;line-height:1}.elementor-widget-heading .elementor-heading-title[class*=elementor-size-]>a{color:inherit;font-size:inherit;line-height:inherit}.elementor-widget-heading .elementor-heading-title.elementor-size-small{font-size:15px}.elementor-widget-heading .elementor-heading-title.elementor-size-medium{font-size:19px}.elementor-widget-heading .elementor-heading-title.elementor-size-large{font-size:29px}.elementor-widget-heading .elementor-heading-title.elementor-size-xl{font-size:39px}.elementor-widget-heading .elementor-heading-title.elementor-size-xxl{font-size:59px}<\/style><h1 class=\"elementor-heading-title elementor-size-default\">Pourquoi rejoindre Sterela ?<\/h1>\t\t<\/div>\n\t\t\t\t<\/div>\n\t\t\t\t<div class=\"elementor-element elementor-element-e255591 elementor-widget elementor-widget-image\" data-id=\"e255591\" data-element_type=\"widget\" data-widget_type=\"image.default\">\n\t\t\t\t<div class=\"elementor-widget-container\">\n\t\t\t<style>\/*! elementor - v3.12.0 - 29-03-2023 *\/\n.elementor-widget-image{text-align:center}.elementor-widget-image a{display:inline-block}.elementor-widget-image a img[src$=\".svg\"]{width:48px}.elementor-widget-image img{vertical-align:middle;display:inline-block}<\/style>\t\t\t\t\t\t\t\t\t\t\t\t<img loading=\"lazy\" decoding=\"async\" width=\"1519\" height=\"532\" src=\"https:\/\/rh.sterela.fr\/wp-content\/uploads\/2023\/03\/sterela-accueil-RH.png\" class=\"attachment-1536x1536 size-1536x1536 wp-image-9146\" alt=\"\" srcset=\"https:\/\/rh.sterela.fr\/wp-content\/uploads\/2023\/03\/sterela-accueil-RH.png 1519w, https:\/\/rh.sterela.fr\/wp-content\/uploads\/2023\/03\/sterela-accueil-RH-300x105.png 300w, https:\/\/rh.sterela.fr\/wp-content\/uploads\/2023\/03\/sterela-accueil-RH-1024x359.png 1024w, https:\/\/rh.sterela.fr\/wp-content\/uploads\/2023\/03\/sterela-accueil-RH-768x269.png 768w\" sizes=\"auto, (max-width: 1519px) 100vw, 1519px\" \/>\t\t\t\t\t\t\t\t\t\t\t\t\t\t\t<\/div>\n\t\t\t\t<\/div>\n\t\t\t\t\t<\/div>\n\t\t<\/div>\n\t\t\t\t\t\t\t<\/div>\n\t\t<\/section>\n\t\t\t\t<section class=\"elementor-section elementor-top-section elementor-element elementor-element-f93f063 elementor-section-boxed elementor-section-height-default elementor-section-height-default\" data-id=\"f93f063\" data-element_type=\"section\">\n\t\t\t\t\t\t<div class=\"elementor-container elementor-column-gap-default\">\n\t\t\t\t\t<div class=\"elementor-column elementor-col-100 elementor-top-column elementor-element elementor-element-c021369\" data-id=\"c021369\" data-element_type=\"column\">\n\t\t\t<div class=\"elementor-widget-wrap elementor-element-populated\">\n\t\t\t\t\t\t\t\t<div class=\"elementor-element elementor-element-2284b43 elementor-widget elementor-widget-text-editor\" data-id=\"2284b43\" data-element_type=\"widget\" data-widget_type=\"text-editor.default\">\n\t\t\t\t<div class=\"elementor-widget-container\">\n\t\t\t<style>\/*! elementor - v3.12.0 - 29-03-2023 *\/\n.elementor-widget-text-editor.elementor-drop-cap-view-stacked .elementor-drop-cap{background-color:#69727d;color:#fff}.elementor-widget-text-editor.elementor-drop-cap-view-framed .elementor-drop-cap{color:#69727d;border:3px solid;background-color:transparent}.elementor-widget-text-editor:not(.elementor-drop-cap-view-default) .elementor-drop-cap{margin-top:8px}.elementor-widget-text-editor:not(.elementor-drop-cap-view-default) .elementor-drop-cap-letter{width:1em;height:1em}.elementor-widget-text-editor .elementor-drop-cap{float:left;text-align:center;line-height:1;font-size:50px}.elementor-widget-text-editor .elementor-drop-cap-letter{display:inline-block}<\/style>\t\t\t\t<h4><span style=\"color: #2c2c2c;\">Sterela est une entreprise industrielle en \u00e9lectronique et m\u00e9catronique qui existe depuis plus de 40 ans.<\/span><\/h4>\t\t\t\t\t\t<\/div>\n\t\t\t\t<\/div>\n\t\t\t\t\t<\/div>\n\t\t<\/div>\n\t\t\t\t\t\t\t<\/div>\n\t\t<\/section>\n\t\t\t\t<section class=\"elementor-section elementor-top-section elementor-element elementor-element-f79fa48 elementor-section-boxed elementor-section-height-default elementor-section-height-default\" data-id=\"f79fa48\" data-element_type=\"section\">\n\t\t\t\t\t\t<div class=\"elementor-container elementor-column-gap-default\">\n\t\t\t\t\t<div class=\"elementor-column elementor-col-100 elementor-top-column elementor-element elementor-element-f0cad9b\" data-id=\"f0cad9b\" data-element_type=\"column\">\n\t\t\t<div class=\"elementor-widget-wrap elementor-element-populated\">\n\t\t\t\t\t\t\t\t<div class=\"elementor-element elementor-element-29602dc elementor-widget elementor-widget-text-editor\" data-id=\"29602dc\" data-element_type=\"widget\" data-widget_type=\"text-editor.default\">\n\t\t\t\t<div class=\"elementor-widget-container\">\n\t\t\t\t\t\t\t<p>Nous d\u00e9veloppons et commercialisons des solutions innovantes, logiciels et services pour la pes\u00e9e dynamique des v\u00e9hicules en marche (ITS), l\u2019analyse du trafic routier, les syst\u00e8mes d\u2019entra\u00eenement au tir r\u00e9el, les stations automatiques terrestres et marines pour les r\u00e9seaux d\u2019observation m\u00e9t\u00e9orologique, la robotique (logistique) et l\u2019outillage de test a\u00e9rospatial.<\/p>\n\n<p>Nous sommes situ\u00e9s dans le sud de la France (Pins-Justaret &#8211; 31860) mais nos \u00e9quipes sont cependant mobiles et se d\u00e9placent partout en France et \u00e0 l&rsquo;\u00e9tranger.<\/p>\n<h6>Nos engagements :<\/h6>\n<ul>\n \t<li>Cr\u00e9er un environnement professionnel \u00e9volutif et \u00e9panouissant permettant de s\u2019adapter aux besoins personnels et professionnels de nos salari\u00e9s ;<\/li>\n \t<li>D\u00e9velopper des solutions durables et prendre en compte les consid\u00e9rations environnementales dans toutes les phases de vie de nos produits ;<\/li>\n \t<li>Favoriser le travail en \u00e9quipes transverses et transparentes afin que chaque membre de Sterela puisse s\u2019enrichir des connaissances des autres tout en ayant une conscience compl\u00e8te de tous les intervenants de nos projets.<\/li>\n \t<li>Garantir l&rsquo;\u00e9galit\u00e9 des chances en mati\u00e8re d&#8217;embauche et d&rsquo;ad\u00e9quation aux postes en s\u00e9lectionnant nos salari\u00e9s sur 3 crit\u00e8res : les comp\u00e9tences, l&rsquo;exp\u00e9rience et le savoir-\u00eatre.<\/li>\n<\/ul>\t\t\t\t\t\t<\/div>\n\t\t\t\t<\/div>\n\t\t\t\t<div class=\"elementor-element elementor-element-6c37955 elementor-widget-divider--view-line elementor-widget elementor-widget-divider\" data-id=\"6c37955\" data-element_type=\"widget\" data-widget_type=\"divider.default\">\n\t\t\t\t<div class=\"elementor-widget-container\">\n\t\t\t<style>\/*! elementor - v3.12.0 - 29-03-2023 *\/\n.elementor-widget-divider{--divider-border-style:none;--divider-border-width:1px;--divider-color:#0c0d0e;--divider-icon-size:20px;--divider-element-spacing:10px;--divider-pattern-height:24px;--divider-pattern-size:20px;--divider-pattern-url:none;--divider-pattern-repeat:repeat-x}.elementor-widget-divider .elementor-divider{display:flex}.elementor-widget-divider .elementor-divider__text{font-size:15px;line-height:1;max-width:95%}.elementor-widget-divider .elementor-divider__element{margin:0 var(--divider-element-spacing);flex-shrink:0}.elementor-widget-divider .elementor-icon{font-size:var(--divider-icon-size)}.elementor-widget-divider .elementor-divider-separator{display:flex;margin:0;direction:ltr}.elementor-widget-divider--view-line_icon .elementor-divider-separator,.elementor-widget-divider--view-line_text .elementor-divider-separator{align-items:center}.elementor-widget-divider--view-line_icon .elementor-divider-separator:after,.elementor-widget-divider--view-line_icon .elementor-divider-separator:before,.elementor-widget-divider--view-line_text .elementor-divider-separator:after,.elementor-widget-divider--view-line_text .elementor-divider-separator:before{display:block;content:\"\";border-bottom:0;flex-grow:1;border-top:var(--divider-border-width) var(--divider-border-style) var(--divider-color)}.elementor-widget-divider--element-align-left .elementor-divider .elementor-divider-separator>.elementor-divider__svg:first-of-type{flex-grow:0;flex-shrink:100}.elementor-widget-divider--element-align-left .elementor-divider-separator:before{content:none}.elementor-widget-divider--element-align-left .elementor-divider__element{margin-left:0}.elementor-widget-divider--element-align-right .elementor-divider .elementor-divider-separator>.elementor-divider__svg:last-of-type{flex-grow:0;flex-shrink:100}.elementor-widget-divider--element-align-right .elementor-divider-separator:after{content:none}.elementor-widget-divider--element-align-right .elementor-divider__element{margin-right:0}.elementor-widget-divider:not(.elementor-widget-divider--view-line_text):not(.elementor-widget-divider--view-line_icon) .elementor-divider-separator{border-top:var(--divider-border-width) var(--divider-border-style) var(--divider-color)}.elementor-widget-divider--separator-type-pattern{--divider-border-style:none}.elementor-widget-divider--separator-type-pattern.elementor-widget-divider--view-line .elementor-divider-separator,.elementor-widget-divider--separator-type-pattern:not(.elementor-widget-divider--view-line) .elementor-divider-separator:after,.elementor-widget-divider--separator-type-pattern:not(.elementor-widget-divider--view-line) .elementor-divider-separator:before,.elementor-widget-divider--separator-type-pattern:not([class*=elementor-widget-divider--view]) .elementor-divider-separator{width:100%;min-height:var(--divider-pattern-height);-webkit-mask-size:var(--divider-pattern-size) 100%;mask-size:var(--divider-pattern-size) 100%;-webkit-mask-repeat:var(--divider-pattern-repeat);mask-repeat:var(--divider-pattern-repeat);background-color:var(--divider-color);-webkit-mask-image:var(--divider-pattern-url);mask-image:var(--divider-pattern-url)}.elementor-widget-divider--no-spacing{--divider-pattern-size:auto}.elementor-widget-divider--bg-round{--divider-pattern-repeat:round}.rtl .elementor-widget-divider .elementor-divider__text{direction:rtl}.e-con-inner>.elementor-widget-divider,.e-con>.elementor-widget-divider{width:var(--container-widget-width,100%);--flex-grow:var(--container-widget-flex-grow)}<\/style>\t\t<div class=\"elementor-divider\">\n\t\t\t<span class=\"elementor-divider-separator\">\n\t\t\t\t\t\t<\/span>\n\t\t<\/div>\n\t\t\t\t<\/div>\n\t\t\t\t<\/div>\n\t\t\t\t\t<\/div>\n\t\t<\/div>\n\t\t\t\t\t\t\t<\/div>\n\t\t<\/section>\n\t\t\t\t<section class=\"elementor-section elementor-top-section elementor-element elementor-element-8c5289d elementor-section-boxed elementor-section-height-default elementor-section-height-default\" data-id=\"8c5289d\" data-element_type=\"section\">\n\t\t\t\t\t\t<div class=\"elementor-container elementor-column-gap-default\">\n\t\t\t\t\t<div class=\"elementor-column elementor-col-100 elementor-top-column elementor-element elementor-element-16f3277\" data-id=\"16f3277\" data-element_type=\"column\">\n\t\t\t<div class=\"elementor-widget-wrap elementor-element-populated\">\n\t\t\t\t\t\t\t\t<div class=\"elementor-element elementor-element-1cf2023 elementor-widget elementor-widget-heading\" data-id=\"1cf2023\" data-element_type=\"widget\" data-widget_type=\"heading.default\">\n\t\t\t\t<div class=\"elementor-widget-container\">\n\t\t\t<h2 class=\"elementor-heading-title elementor-size-default\">Consulter nos offres d'emploi<\/h2>\t\t<\/div>\n\t\t\t\t<\/div>\n\t\t\t\t<div class=\"elementor-element elementor-element-d0e7d8e elementor-align-center elementor-widget elementor-widget-button\" data-id=\"d0e7d8e\" data-element_type=\"widget\" data-widget_type=\"button.default\">\n\t\t\t\t<div class=\"elementor-widget-container\">\n\t\t\t\t\t<div class=\"elementor-button-wrapper\">\n\t\t\t<a href=\"https:\/\/rh.sterela.fr\/index.php\/category\/emploi\" class=\"elementor-button-link elementor-button elementor-size-md\" role=\"button\">\n\t\t\t\t\t\t<span class=\"elementor-button-content-wrapper\">\n\t\t\t\t\t\t\t<span class=\"elementor-button-icon elementor-align-icon-left\">\n\t\t\t\t<i aria-hidden=\"true\" class=\"fas fa-desktop\"><\/i>\t\t\t<\/span>\n\t\t\t\t\t\t<span class=\"elementor-button-text\">Nos offres en CDD & CDI<\/span>\n\t\t<\/span>\n\t\t\t\t\t<\/a>\n\t\t<\/div>\n\t\t\t\t<\/div>\n\t\t\t\t<\/div>\n\t\t\t\t<div class=\"elementor-element elementor-element-b3e659b elementor-align-center elementor-widget elementor-widget-button\" data-id=\"b3e659b\" data-element_type=\"widget\" data-widget_type=\"button.default\">\n\t\t\t\t<div class=\"elementor-widget-container\">\n\t\t\t\t\t<div class=\"elementor-button-wrapper\">\n\t\t\t<a href=\"https:\/\/rh.sterela.fr\/index.php\/category\/stages\" class=\"elementor-button-link elementor-button elementor-size-md\" role=\"button\">\n\t\t\t\t\t\t<span class=\"elementor-button-content-wrapper\">\n\t\t\t\t\t\t\t<span class=\"elementor-button-icon elementor-align-icon-left\">\n\t\t\t\t<i aria-hidden=\"true\" class=\"fas fa-school\"><\/i>\t\t\t<\/span>\n\t\t\t\t\t\t<span class=\"elementor-button-text\">Nos offres en stage & alternance<\/span>\n\t\t<\/span>\n\t\t\t\t\t<\/a>\n\t\t<\/div>\n\t\t\t\t<\/div>\n\t\t\t\t<\/div>\n\t\t\t\t\t<\/div>\n\t\t<\/div>\n\t\t\t\t\t\t\t<\/div>\n\t\t<\/section>\n\t\t\t\t\t\t\t<\/div>\n\t\t","protected":false},"excerpt":{"rendered":"<p>Pourquoi rejoindre Sterela ? Sterela est une entreprise industrielle en \u00e9lectronique et m\u00e9catronique qui existe depuis plus de 40 ans. Nous d\u00e9veloppons et commercialisons des solutions innovantes, logiciels et services pour la pes\u00e9e dynamique des v\u00e9hicules en marche (ITS), l\u2019analyse du trafic routier, les syst\u00e8mes d\u2019entra\u00eenement au tir r\u00e9el, les stations automatiques terrestres et marines [&hellip;]<\/p>\n","protected":false},"author":2,"featured_media":9108,"parent":0,"menu_order":0,"comment_status":"closed","ping_status":"closed","template":"","meta":{"footnotes":""},"class_list":["post-9104","page","type-page","status-publish","has-post-thumbnail","hentry"],"_links":{"self":[{"href":"https:\/\/rh.sterela.fr\/index.php\/wp-json\/wp\/v2\/pages\/9104","targetHints":{"allow":["GET"]}}],"collection":[{"href":"https:\/\/rh.sterela.fr\/index.php\/wp-json\/wp\/v2\/pages"}],"about":[{"href":"https:\/\/rh.sterela.fr\/index.php\/wp-json\/wp\/v2\/types\/page"}],"author":[{"embeddable":true,"href":"https:\/\/rh.sterela.fr\/index.php\/wp-json\/wp\/v2\/users\/2"}],"replies":[{"embeddable":true,"href":"https:\/\/rh.sterela.fr\/index.php\/wp-json\/wp\/v2\/comments?post=9104"}],"version-history":[{"count":104,"href":"https:\/\/rh.sterela.fr\/index.php\/wp-json\/wp\/v2\/pages\/9104\/revisions"}],"predecessor-version":[{"id":9337,"href":"https:\/\/rh.sterela.fr\/index.php\/wp-json\/wp\/v2\/pages\/9104\/revisions\/9337"}],"wp:featuredmedia":[{"embeddable":true,"href":"https:\/\/rh.sterela.fr\/index.php\/wp-json\/wp\/v2\/media\/9108"}],"wp:attachment":[{"href":"https:\/\/rh.sterela.fr\/index.php\/wp-json\/wp\/v2\/media?parent=9104"}],"curies":[{"name":"wp","href":"https:\/\/api.w.org\/{rel}","templated":true}]}}